{"id":61,"date":"2023-05-04T22:48:23","date_gmt":"2023-05-04T22:48:23","guid":{"rendered":"https:\/\/www.viferentea.com\/?page_id=14"},"modified":"2026-02-17T22:46:20","modified_gmt":"2026-02-17T22:46:20","slug":"home","status":"publish","type":"page","link":"https:\/\/westwoodcottageny.com\/","title":{"rendered":"Home"},"content":{"rendered":"\t\t<div data-elementor-type=\"wp-page\" data-elementor-id=\"61\" class=\"elementor elementor-61\" data-elementor-post-type=\"page\">\n\t\t\t\t\t\t<section class=\"elementor-section elementor-top-section elementor-element elementor-element-adc631d elementor-section-full_width elementor-section-stretched elementor-section-height-default elementor-section-height-default\" data-id=\"adc631d\" data-element_type=\"section\" data-e-type=\"section\" data-settings=\"{&quot;stretch_section&quot;:&quot;section-stretched&quot;,&quot;background_background&quot;:&quot;slideshow&quot;,&quot;background_slideshow_gallery&quot;:[{&quot;id&quot;:3383,&quot;url&quot;:&quot;https:\\\/\\\/westwoodcottageny.com\\\/wp-content\\\/uploads\\\/2026\\\/02\\\/Gemini_Generated_Image_fi4bmgfi4bmgfi4b.png&quot;}],&quot;background_slideshow_loop&quot;:&quot;yes&quot;,&quot;background_slideshow_slide_duration&quot;:5000,&quot;background_slideshow_slide_transition&quot;:&quot;fade&quot;,&quot;background_slideshow_transition_duration&quot;:500}\">\n\t\t\t\t\t\t<div class=\"elementor-container elementor-column-gap-no\">\n\t\t\t\t\t<div class=\"elementor-column elementor-col-100 elementor-top-column elementor-element elementor-element-deb57b8\" data-id=\"deb57b8\" data-element_type=\"column\" data-e-type=\"column\">\n\t\t\t<div class=\"elementor-widget-wrap elementor-element-populated\">\n\t\t\t\t<div class=\"elementor-element elementor-element-e8e80d4 e-flex e-con-boxed e-con e-parent\" data-id=\"e8e80d4\" data-element_type=\"container\" data-e-type=\"container\">\n\t\t\t\t\t<div class=\"e-con-inner\">\n\t\t<div class=\"elementor-element elementor-element-28fe716 e-con-full e-flex e-con e-child\" data-id=\"28fe716\" data-element_type=\"container\" data-e-type=\"container\">\n\t\t\t\t<div class=\"elementor-element elementor-element-c6d545e elementor-arrows-position-outside elementor-pagination-position-outside elementor--h-position-center elementor--v-position-middle elementor-widget elementor-widget-slides\" data-id=\"c6d545e\" data-element_type=\"widget\" data-e-type=\"widget\" data-settings=\"{&quot;transition&quot;:&quot;fade&quot;,&quot;navigation&quot;:&quot;both&quot;,&quot;autoplay&quot;:&quot;yes&quot;,&quot;pause_on_hover&quot;:&quot;yes&quot;,&quot;pause_on_interaction&quot;:&quot;yes&quot;,&quot;autoplay_speed&quot;:5000,&quot;infinite&quot;:&quot;yes&quot;,&quot;transition_speed&quot;:500}\" data-widget_type=\"slides.default\">\n\t\t\t\t\t\t\t\t\t\t<div class=\"elementor-slides-wrapper elementor-main-swiper swiper\" role=\"region\" aria-roledescription=\"carousel\" aria-label=\"\" dir=\"ltr\" data-animation=\"fadeInUp\">\n\t\t\t\t<div class=\"swiper-wrapper elementor-slides\">\n\t\t\t\t\t\t\t\t\t\t<div class=\"elementor-repeater-item-8fe2d7a swiper-slide\" role=\"group\" aria-roledescription=\"slide\"><div class=\"swiper-slide-bg\" role=\"img\" aria-label=\"westwoodguestcottage-unadilla-ny-p90404-$$100\"><\/div><div class=\"swiper-slide-inner\" ><div class=\"swiper-slide-contents\"><\/div><\/div><\/div><div class=\"elementor-repeater-item-365c870 swiper-slide\" role=\"group\" aria-roledescription=\"slide\"><div class=\"swiper-slide-bg\" role=\"img\" aria-label=\"westwoodguestcottage-unadilla-ny-p90405-$$100\"><\/div><div class=\"swiper-slide-inner\" ><div class=\"swiper-slide-contents\"><\/div><\/div><\/div><div class=\"elementor-repeater-item-d24d511 swiper-slide\" role=\"group\" aria-roledescription=\"slide\"><div class=\"swiper-slide-bg\" role=\"img\" aria-label=\"westwoodguestcottage-unadilla-ny-p90406-$$100\"><\/div><div class=\"swiper-slide-inner\" ><div class=\"swiper-slide-contents\"><\/div><\/div><\/div><div class=\"elementor-repeater-item-cd84c01 swiper-slide\" role=\"group\" aria-roledescription=\"slide\"><div class=\"swiper-slide-bg\" role=\"img\" aria-label=\"westwoodguestcottage-unadilla-ny-p90407-$$100\"><\/div><div class=\"swiper-slide-inner\" ><div class=\"swiper-slide-contents\"><\/div><\/div><\/div><div class=\"elementor-repeater-item-8193932 swiper-slide\" role=\"group\" aria-roledescription=\"slide\"><div class=\"swiper-slide-bg\" role=\"img\" aria-label=\"westwoodguestcottage-unadilla-ny-p90408-$$100\"><\/div><div class=\"swiper-slide-inner\" ><div class=\"swiper-slide-contents\"><\/div><\/div><\/div><div class=\"elementor-repeater-item-790f283 swiper-slide\" role=\"group\" aria-roledescription=\"slide\"><div class=\"swiper-slide-bg\" role=\"img\" aria-label=\"westwoodguestcottage-unadilla-ny-p90404-$$100 (1)\"><\/div><div class=\"swiper-slide-inner\" ><div class=\"swiper-slide-contents\"><\/div><\/div><\/div>\t\t\t\t<\/div>\n\t\t\t\t\t\t\t\t\t\t\t\t\t\t\t<div class=\"elementor-swiper-button elementor-swiper-button-prev\" role=\"button\" tabindex=\"0\" aria-label=\"Previous slide\">\n\t\t\t\t\t\t\t<svg aria-hidden=\"true\" class=\"e-font-icon-svg e-eicon-chevron-left\" viewBox=\"0 0 1000 1000\" xmlns=\"http:\/\/www.w3.org\/2000\/svg\"><path d=\"M646 125C629 125 613 133 604 142L308 442C296 454 292 471 292 487 292 504 296 521 308 533L604 854C617 867 629 875 646 875 663 875 679 871 692 858 704 846 713 829 713 812 713 796 708 779 692 767L438 487 692 225C700 217 708 204 708 187 708 171 704 154 692 142 675 129 663 125 646 125Z\"><\/path><\/svg>\t\t\t\t\t\t<\/div>\n\t\t\t\t\t\t<div class=\"elementor-swiper-button elementor-swiper-button-next\" role=\"button\" tabindex=\"0\" aria-label=\"Next slide\">\n\t\t\t\t\t\t\t<svg aria-hidden=\"true\" class=\"e-font-icon-svg e-eicon-chevron-right\" viewBox=\"0 0 1000 1000\" xmlns=\"http:\/\/www.w3.org\/2000\/svg\"><path d=\"M696 533C708 521 713 504 713 487 713 471 708 454 696 446L400 146C388 133 375 125 354 125 338 125 325 129 313 142 300 154 292 171 292 187 292 204 296 221 308 233L563 492 304 771C292 783 288 800 288 817 288 833 296 850 308 863 321 871 338 875 354 875 371 875 388 867 400 854L696 533Z\"><\/path><\/svg>\t\t\t\t\t\t<\/div>\n\t\t\t\t\t\t\t\t\t\t\t\t\t\t\t\t<div class=\"swiper-pagination\"><\/div>\n\t\t\t\t\t\t\t\t\t\t\t\t<\/div>\n\t\t\t\t\t\t\t\t<\/div>\n\t\t\t\t<\/div>\n\t\t\t\t\t<\/div>\n\t\t\t\t<\/div>\n\t\t\t\t\t<\/div>\n\t\t<\/div>\n\t\t\t\t\t<\/div>\n\t\t<\/section>\n\t\t<div class=\"elementor-element elementor-element-c004d8f e-grid e-con-boxed e-con e-parent\" data-id=\"c004d8f\" data-element_type=\"container\" data-e-type=\"container\" data-settings=\"{&quot;background_background&quot;:&quot;classic&quot;}\">\n\t\t\t\t\t<div class=\"e-con-inner\">\n\t\t<div class=\"elementor-element elementor-element-7d27293 e-con-full e-flex e-con e-child\" data-id=\"7d27293\" data-element_type=\"container\" data-e-type=\"container\" data-settings=\"{&quot;background_background&quot;:&quot;classic&quot;}\">\n\t\t<div class=\"elementor-element elementor-element-864682e e-grid e-con-full e-con e-child\" data-id=\"864682e\" data-element_type=\"container\" data-e-type=\"container\">\n\t\t\t\t<div class=\"elementor-element elementor-element-4bb6046 elementor-widget elementor-widget-image\" data-id=\"4bb6046\" data-element_type=\"widget\" data-e-type=\"widget\" data-widget_type=\"image.default\">\n\t\t\t\t\t\t\t\t\t\t\t\t\t\t\t<img fetchpriority=\"high\" decoding=\"async\" width=\"280\" height=\"250\" src=\"https:\/\/westwoodcottageny.com\/wp-content\/uploads\/2026\/02\/rooms2.png\" class=\"attachment-large size-large wp-image-3384\" alt=\"\" \/>\t\t\t\t\t\t\t\t\t\t\t\t\t\t\t<\/div>\n\t\t\t\t<div class=\"elementor-element elementor-element-4f072c1 elementor-widget elementor-widget-text-editor\" data-id=\"4f072c1\" data-element_type=\"widget\" data-e-type=\"widget\" data-widget_type=\"text-editor.default\">\n\t\t\t\t\t\t\t\t\t<p>Whatever your needs or plans &#8212; we&#8217;ve got your room ready for you.\u00a0Relax in a comfortable living room. Have a movie night in the entertainment nook. Create delicious meals in the fully equipped kitchen. Stay cozy in a king, queen, or twin size bed. Wash off the day in one of our full baths. Make yourself at home!<\/p>\t\t\t\t\t\t\t\t<\/div>\n\t\t\t\t<\/div>\n\t\t\t\t<\/div>\n\t\t<div class=\"elementor-element elementor-element-5cd81b6 e-con-full e-flex e-con e-child\" data-id=\"5cd81b6\" data-element_type=\"container\" data-e-type=\"container\" data-settings=\"{&quot;background_background&quot;:&quot;classic&quot;}\">\n\t\t<div class=\"elementor-element elementor-element-e2fd244 e-grid e-con-full e-con e-child\" data-id=\"e2fd244\" data-element_type=\"container\" data-e-type=\"container\">\n\t\t\t\t<div class=\"elementor-element elementor-element-a66f8e4 elementor-widget elementor-widget-image\" data-id=\"a66f8e4\" data-element_type=\"widget\" data-e-type=\"widget\" data-widget_type=\"image.default\">\n\t\t\t\t\t\t\t\t\t\t\t\t\t\t\t<img decoding=\"async\" width=\"280\" height=\"250\" src=\"https:\/\/westwoodcottageny.com\/wp-content\/uploads\/2026\/02\/Atractions1.png\" class=\"attachment-large size-large wp-image-3385\" alt=\"\" \/>\t\t\t\t\t\t\t\t\t\t\t\t\t\t\t<\/div>\n\t\t\t\t<div class=\"elementor-element elementor-element-284c87a elementor-widget elementor-widget-text-editor\" data-id=\"284c87a\" data-element_type=\"widget\" data-e-type=\"widget\" data-widget_type=\"text-editor.default\">\n\t\t\t\t\t\t\t\t\t<p><span dir=\"auto\" style=\"vertical-align: inherit;\"><span dir=\"auto\" style=\"vertical-align: inherit;\">Ubicada en el hist\u00f3rico centro de Nueva York, en una zona conocida como el Distrito Central de Leatherstocking, Westwood Guest Cottage est\u00e1 convenientemente ubicada cerca de las numerosas atracciones de Cooperstown y Oneonta. Los alrededores tambi\u00e9n ofrecen una variedad de actividades al aire libre, desde golf hasta kayak, y dudamos que encuentre un mejor lugar para buscar antig\u00fcedades y objetos de colecci\u00f3n \u00fanicos que Marketplace on Chestnut, \u00a1a solo 25 minutos en coche!<\/span><\/span><\/p>\t\t\t\t\t\t\t\t<\/div>\n\t\t\t\t<\/div>\n\t\t\t\t<\/div>\n\t\t\t\t\t<\/div>\n\t\t\t\t<\/div>\n\t\t<div class=\"elementor-element elementor-element-3f1074b e-flex e-con-boxed e-con e-parent\" data-id=\"3f1074b\" data-element_type=\"container\" data-e-type=\"container\" data-settings=\"{&quot;background_background&quot;:&quot;classic&quot;}\">\n\t\t\t\t\t<div class=\"e-con-inner\">\n\t\t\t\t<div class=\"elementor-element elementor-element-42a3d3e elementor-widget elementor-widget-heading\" data-id=\"42a3d3e\" data-element_type=\"widget\" data-e-type=\"widget\" data-widget_type=\"heading.default\">\n\t\t\t\t\t<h2 class=\"elementor-heading-title elementor-size-default\">Serenity | Convenience<\/h2>\t\t\t\t<\/div>\n\t\t\t\t\t<\/div>\n\t\t\t\t<\/div>\n\t\t<div class=\"elementor-element elementor-element-683328f e-flex e-con-boxed e-con e-parent\" data-id=\"683328f\" data-element_type=\"container\" data-e-type=\"container\" data-settings=\"{&quot;background_background&quot;:&quot;classic&quot;}\">\n\t\t\t\t\t<div class=\"e-con-inner\">\n\t\t\t\t<div class=\"elementor-element elementor-element-6b2483c elementor-widget elementor-widget-heading\" data-id=\"6b2483c\" data-element_type=\"widget\" data-e-type=\"widget\" data-widget_type=\"heading.default\">\n\t\t\t\t\t<h6 class=\"elementor-heading-title elementor-size-default\">Westwood Guest Cottage grants the serenity of nature in a lovely, private setting. The cottage sits in a clearing on 11 wooded acres, and the surrounding area offers hiking, biking, canoeing, cross country skiing, swimming, fishing, and golf. Outdoor amenities include a 20'x40' pool, gas grill, private driveway, canoe, and ski-poles &amp; snowshoes for winter hikes. See what others have to say about us on<\/h6>\t\t\t\t<\/div>\n\t\t\t\t\t<\/div>\n\t\t\t\t<\/div>\n\t\t<div class=\"elementor-element elementor-element-4094804 e-flex e-con-boxed e-con e-parent\" data-id=\"4094804\" data-element_type=\"container\" data-e-type=\"container\" data-settings=\"{&quot;background_background&quot;:&quot;classic&quot;}\">\n\t\t\t\t\t<div class=\"e-con-inner\">\n\t\t\t\t<div class=\"elementor-element elementor-element-7d71838 elementor-widget elementor-widget-heading\" data-id=\"7d71838\" data-element_type=\"widget\" data-e-type=\"widget\" data-widget_type=\"heading.default\">\n\t\t\t\t\t<h6 class=\"elementor-heading-title elementor-size-default\"><a href=\"https:\/\/www.facebook.com\/100066606968635\/wall\/#\">facebook<\/a><\/h6>\t\t\t\t<\/div>\n\t\t\t\t\t<\/div>\n\t\t\t\t<\/div>\n\t\t<div class=\"elementor-element elementor-element-cf43bd2 e-grid e-con-boxed e-con e-parent\" data-id=\"cf43bd2\" data-element_type=\"container\" data-e-type=\"container\" data-settings=\"{&quot;background_background&quot;:&quot;classic&quot;}\">\n\t\t\t\t\t<div class=\"e-con-inner\">\n\t\t\t\t<div class=\"elementor-element elementor-element-513c855 elementor-widget elementor-widget-heading\" data-id=\"513c855\" data-element_type=\"widget\" data-e-type=\"widget\" data-widget_type=\"heading.default\">\n\t\t\t\t\t<h6 class=\"elementor-heading-title elementor-size-default\">Executive retreats<\/h6>\t\t\t\t<\/div>\n\t\t\t\t<div class=\"elementor-element elementor-element-98fcd6c elementor-widget elementor-widget-heading\" data-id=\"98fcd6c\" data-element_type=\"widget\" data-e-type=\"widget\" data-widget_type=\"heading.default\">\n\t\t\t\t\t<h6 class=\"elementor-heading-title elementor-size-default\">Artists\/group workshops<\/h6>\t\t\t\t<\/div>\n\t\t\t\t<div class=\"elementor-element elementor-element-d508cd0 elementor-widget elementor-widget-heading\" data-id=\"d508cd0\" data-element_type=\"widget\" data-e-type=\"widget\" data-widget_type=\"heading.default\">\n\t\t\t\t\t<h6 class=\"elementor-heading-title elementor-size-default\">Corporate team building<\/h6>\t\t\t\t<\/div>\n\t\t\t\t<div class=\"elementor-element elementor-element-4eb7cb3 elementor-widget elementor-widget-heading\" data-id=\"4eb7cb3\" data-element_type=\"widget\" data-e-type=\"widget\" data-widget_type=\"heading.default\">\n\t\t\t\t\t<h6 class=\"elementor-heading-title elementor-size-default\">College parent weekends<\/h6>\t\t\t\t<\/div>\n\t\t\t\t\t<\/div>\n\t\t\t\t<\/div>\n\t\t<div class=\"elementor-element elementor-element-4c147e5 e-flex e-con-boxed e-con e-parent\" data-id=\"4c147e5\" data-element_type=\"container\" data-e-type=\"container\" data-settings=\"{&quot;background_background&quot;:&quot;classic&quot;}\">\n\t\t\t\t\t<div class=\"e-con-inner\">\n\t\t<div class=\"elementor-element elementor-element-16f8f25 e-grid e-con-full e-con e-child\" data-id=\"16f8f25\" data-element_type=\"container\" data-e-type=\"container\">\n\t\t\t\t<div class=\"elementor-element elementor-element-5823924 elementor-widget elementor-widget-text-editor\" data-id=\"5823924\" data-element_type=\"widget\" data-e-type=\"widget\" data-widget_type=\"text-editor.default\">\n\t\t\t\t\t\t\t\t\t<h2>The Cottage<\/h2><p>We are a non-smoking, family (and pet!) friendly establishment. The cottage sleeps 8-10 comfortably with four bedrooms and a full size futon in the TV room. There is a spacious living room, a fully equipped kitchen, and two full bathrooms. All quilts, linens and towels are provided.<\/p>\t\t\t\t\t\t\t\t<\/div>\n\t\t\t\t<div class=\"elementor-element elementor-element-5858ba7 elementor-widget elementor-widget-text-editor\" data-id=\"5858ba7\" data-element_type=\"widget\" data-e-type=\"widget\" data-widget_type=\"text-editor.default\">\n\t\t\t\t\t\t\t\t\t<table border=\"0\" width=\"930\" cellspacing=\"2\" cellpadding=\"2\"><tbody><tr><td width=\"500\" height=\"\"><h2><span style=\"font-family: Ubuntu;\">Outdoors<\/span><\/h2><div>\u00a0<\/div><div><span class=\"UNICODE\">\u2666\u00a0\u00a0\u00a0<\/span>Gas Grill<\/div><div>\u2666\u00a0 \u00a0Private driveway\/entrance<\/div><div>\u2666\u00a0\u00a0\u00a0Snow shoes for winter hikes<br \/>\u2666\u00a0\u00a0\u00a0Canoe for warmer months<br \/>\u2666\u00a0\u00a0\u00a0Swimming pool<br \/>\u2666\u00a0\u00a0\u00a0Hiking (cross country trails on our property!)<br \/>\u2666\u00a0\u00a0\u00a0Fishing<br \/>\u2666\u00a0\u00a0\u00a0Skiing<br \/>\u2666\u00a0\u00a0\u00a0Golf<\/div><\/td><\/tr><\/tbody><\/table>\t\t\t\t\t\t\t\t<\/div>\n\t\t\t\t<\/div>\n\t\t\t\t\t<\/div>\n\t\t\t\t<\/div>\n\t\t<div class=\"elementor-element elementor-element-4623063 e-flex e-con-boxed e-con e-parent\" data-id=\"4623063\" data-element_type=\"container\" data-e-type=\"container\" data-settings=\"{&quot;background_background&quot;:&quot;classic&quot;}\">\n\t\t\t\t\t<div class=\"e-con-inner\">\n\t\t\t\t<div class=\"elementor-element elementor-element-57f4404 elementor-widget elementor-widget-text-editor\" data-id=\"57f4404\" data-element_type=\"widget\" data-e-type=\"widget\" data-widget_type=\"text-editor.default\">\n\t\t\t\t\t\t\t\t\t<h2 id=\"pastingspan1\">All Seasons | Come Once, Come Again<\/h2><div>\u00a0<\/div><div id=\"pastingspan1\">Westwood Guest Cottage is beautifully situated off a quiet country road on a hill amidst surrounding woods just above the historic village of Unadilla. It&#8217;s location allows it to be enjoyed year-round, with gorgeous views and exciting activities throughout the area for every season!\u00a0<\/div>\t\t\t\t\t\t\t\t<\/div>\n\t\t\t\t\t<\/div>\n\t\t\t\t<\/div>\n\t\t<div class=\"elementor-element elementor-element-92f5a0b e-flex e-con-boxed e-con e-parent\" data-id=\"92f5a0b\" data-element_type=\"container\" data-e-type=\"container\" data-settings=\"{&quot;background_background&quot;:&quot;classic&quot;}\">\n\t\t\t\t\t<div class=\"e-con-inner\">\n\t\t\t\t<div class=\"elementor-element elementor-element-ee8783b elementor-widget elementor-widget-text-editor\" data-id=\"ee8783b\" data-element_type=\"widget\" data-e-type=\"widget\" data-widget_type=\"text-editor.default\">\n\t\t\t\t\t\t\t\t\t<table border=\"0\" width=\"930\" cellspacing=\"2\" cellpadding=\"2\"><tbody><tr><td><h3>Time to reserve some upstate bliss?<\/h3><h6 id=\"pastingspan1\"><em>Contact today \u2013 We&#8217;d love to answer any questions!<\/em><\/h6><\/td><\/tr><\/tbody><\/table>\t\t\t\t\t\t\t\t<\/div>\n\t\t\t\t\t<\/div>\n\t\t\t\t<\/div>\n\t\t\t\t<\/div>\n\t\t","protected":false},"excerpt":{"rendered":"<p>Whatever your needs or plans &#8212; we&#8217;ve got your room ready for you.\u00a0Relax in a comfortable living room. Have a movie night in the entertainment nook. Create delicious meals in the fully equipped kitchen. Stay cozy in a king, queen, or twin size bed. Wash off the day in one of our full baths. Make [&hellip;]<\/p>\n","protected":false},"author":1,"featured_media":0,"parent":0,"menu_order":0,"comment_status":"closed","ping_status":"closed","template":"","meta":{"footnotes":""},"class_list":["post-61","page","type-page","status-publish","hentry"],"_links":{"self":[{"href":"https:\/\/westwoodcottageny.com\/index.php\/wp-json\/wp\/v2\/pages\/61","targetHints":{"allow":["GET"]}}],"collection":[{"href":"https:\/\/westwoodcottageny.com\/index.php\/wp-json\/wp\/v2\/pages"}],"about":[{"href":"https:\/\/westwoodcottageny.com\/index.php\/wp-json\/wp\/v2\/types\/page"}],"author":[{"embeddable":true,"href":"https:\/\/westwoodcottageny.com\/index.php\/wp-json\/wp\/v2\/users\/1"}],"replies":[{"embeddable":true,"href":"https:\/\/westwoodcottageny.com\/index.php\/wp-json\/wp\/v2\/comments?post=61"}],"version-history":[{"count":18,"href":"https:\/\/westwoodcottageny.com\/index.php\/wp-json\/wp\/v2\/pages\/61\/revisions"}],"predecessor-version":[{"id":3628,"href":"https:\/\/westwoodcottageny.com\/index.php\/wp-json\/wp\/v2\/pages\/61\/revisions\/3628"}],"wp:attachment":[{"href":"https:\/\/westwoodcottageny.com\/index.php\/wp-json\/wp\/v2\/media?parent=61"}],"curies":[{"name":"wp","href":"https:\/\/api.w.org\/{rel}","templated":true}]}}